{"id":14,"date":"2021-10-25T08:49:53","date_gmt":"2021-10-25T06:49:53","guid":{"rendered":"http:\/\/jicen.live\/?page_id=14"},"modified":"2024-01-18T19:54:46","modified_gmt":"2024-01-18T18:54:46","slug":"accueil","status":"publish","type":"page","link":"https:\/\/jicen.live\/","title":{"rendered":"Accueil"},"content":{"rendered":"\n<p>Bienvenue sur le\u00a0site ! <\/p>\n\n\n\n<p>J&rsquo;y ai pos\u00e9 quelques cr\u00e9ations, ainsi que des infos sur mes derni\u00e8res activit\u00e9s et collaborations.<\/p>\n","protected":false},"excerpt":{"rendered":"<p>Bienvenue sur le\u00a0site ! J&rsquo;y ai pos\u00e9 quelques cr\u00e9ations, ainsi que des infos sur mes derni\u00e8res activit\u00e9s et collaborations.<\/p>\n","protected":false},"author":1,"featured_media":0,"parent":0,"menu_order":0,"comment_status":"closed","ping_status":"closed","template":"","meta":{"footnotes":""},"class_list":["post-14","page","type-page","status-publish","hentry"],"_links":{"self":[{"href":"https:\/\/jicen.live\/index.php\/wp-json\/wp\/v2\/pages\/14","targetHints":{"allow":["GET"]}}],"collection":[{"href":"https:\/\/jicen.live\/index.php\/wp-json\/wp\/v2\/pages"}],"about":[{"href":"https:\/\/jicen.live\/index.php\/wp-json\/wp\/v2\/types\/page"}],"author":[{"embeddable":true,"href":"https:\/\/jicen.live\/index.php\/wp-json\/wp\/v2\/users\/1"}],"replies":[{"embeddable":true,"href":"https:\/\/jicen.live\/index.php\/wp-json\/wp\/v2\/comments?post=14"}],"version-history":[{"count":10,"href":"https:\/\/jicen.live\/index.php\/wp-json\/wp\/v2\/pages\/14\/revisions"}],"predecessor-version":[{"id":284,"href":"https:\/\/jicen.live\/index.php\/wp-json\/wp\/v2\/pages\/14\/revisions\/284"}],"wp:attachment":[{"href":"https:\/\/jicen.live\/index.php\/wp-json\/wp\/v2\/media?parent=14"}],"curies":[{"name":"wp","href":"https:\/\/api.w.org\/{rel}","templated":true}]}}