{"id":290,"date":"2024-01-23T20:41:19","date_gmt":"2024-01-23T19:41:19","guid":{"rendered":"https:\/\/jicen.live\/?page_id=290"},"modified":"2024-02-02T20:57:05","modified_gmt":"2024-02-02T19:57:05","slug":"presentation-des-red-kts","status":"publish","type":"page","link":"https:\/\/jicen.live\/index.php\/presentation-des-red-kts\/","title":{"rendered":"Pr\u00e9sentation des RedK&rsquo;ts"},"content":{"rendered":"\n<a href=\"https:\/\/1drv.ms\/v\/s!AvBUBcEXEkWehNoX4pQnhqtgSM-ZkQ\" target=\"_blank\" rel=\"noopener\">&#8211; La vid\u00e9o de pr\u00e9sentation est ici &#8211;<\/a>\n\n\n\n<p><\/p>\n\n\n\n<p>Le groupe des <strong>RedK&rsquo;ts<\/strong> s&rsquo;est mont\u00e9 en 2021, sur la place du K Rouge aux Muids. On a constituer un r\u00e9pertoire pop\/rock compos\u00e9 de hits des ann\u00e9es 50 \u00e0 90.<\/p>\n\n\n\n<div class=\"wp-block-columns is-layout-flex wp-container-core-columns-is-layout-9d6595d7 wp-block-columns-is-layout-flex\">\n<div class=\"wp-block-column is-layout-flow wp-block-column-is-layout-flow\" style=\"flex-basis:1%\"><\/div>\n\n\n\n<div class=\"wp-block-column is-layout-flow wp-block-column-is-layout-flow\" style=\"flex-basis:66.66%\">\n<ul class=\"wp-block-list\">\n<li>Beatles<\/li>\n\n\n\n<li>Rolling Stones<\/li>\n\n\n\n<li>REM<\/li>\n\n\n\n<li>Eric Clapton<\/li>\n\n\n\n<li>Jimi Hendrix<\/li>\n\n\n\n<li>Dire Straits<\/li>\n\n\n\n<li>Johnny Hallyday<\/li>\n\n\n\n<li>Chris Issac<\/li>\n\n\n\n<li>Bob Dylan<\/li>\n\n\n\n<li>Elvis Presley<\/li>\n\n\n\n<li>&#8230;<\/li>\n<\/ul>\n<\/div>\n<\/div>\n\n\n\n<p>On s&rsquo;est produit dans diff\u00e9rents endroits : salles des f\u00eates, commerces, ext\u00e9rieur ; soit pour des concerts priv\u00e9s, soit \u00e0 l&rsquo;occasions de f\u00eates (march\u00e9 de No\u00ebl, f\u00eate de la musique, f\u00eate des jardins, etc&#8230;).<\/p>\n\n\n\n<a href=\"https:\/\/1drv.ms\/v\/s!AvBUBcEXEkWehNoX4pQnhqtgSM-ZkQ\" target=\"_blank\" rel=\"noopener\">&#8211; La vid\u00e9o de pr\u00e9sentation est ici &#8211;<\/a>\n","protected":false},"excerpt":{"rendered":"<p>&#8211; La vid\u00e9o de pr\u00e9sentation est ici &#8211; Le groupe des RedK&rsquo;ts s&rsquo;est mont\u00e9 en 2021, sur la place du K Rouge aux Muids. On a constituer un r\u00e9pertoire pop\/rock compos\u00e9 de hits des ann\u00e9es 50 \u00e0 90. On s&rsquo;est produit dans diff\u00e9rents endroits : salles des f\u00eates, commerces, ext\u00e9rieur ; soit pour des concerts &hellip; <\/p>\n<p class=\"link-more\"><a href=\"https:\/\/jicen.live\/index.php\/presentation-des-red-kts\/\" class=\"more-link\">Continuer la lecture<span class=\"screen-reader-text\"> de &laquo;&nbsp;Pr\u00e9sentation des RedK&rsquo;ts&nbsp;&raquo;<\/span><\/a><\/p>\n","protected":false},"author":1,"featured_media":0,"parent":0,"menu_order":0,"comment_status":"closed","ping_status":"closed","template":"","meta":{"footnotes":""},"class_list":["post-290","page","type-page","status-publish","hentry"],"_links":{"self":[{"href":"https:\/\/jicen.live\/index.php\/wp-json\/wp\/v2\/pages\/290","targetHints":{"allow":["GET"]}}],"collection":[{"href":"https:\/\/jicen.live\/index.php\/wp-json\/wp\/v2\/pages"}],"about":[{"href":"https:\/\/jicen.live\/index.php\/wp-json\/wp\/v2\/types\/page"}],"author":[{"embeddable":true,"href":"https:\/\/jicen.live\/index.php\/wp-json\/wp\/v2\/users\/1"}],"replies":[{"embeddable":true,"href":"https:\/\/jicen.live\/index.php\/wp-json\/wp\/v2\/comments?post=290"}],"version-history":[{"count":14,"href":"https:\/\/jicen.live\/index.php\/wp-json\/wp\/v2\/pages\/290\/revisions"}],"predecessor-version":[{"id":355,"href":"https:\/\/jicen.live\/index.php\/wp-json\/wp\/v2\/pages\/290\/revisions\/355"}],"wp:attachment":[{"href":"https:\/\/jicen.live\/index.php\/wp-json\/wp\/v2\/media?parent=290"}],"curies":[{"name":"wp","href":"https:\/\/api.w.org\/{rel}","templated":true}]}}