{"id":7,"date":"2021-10-25T08:49:53","date_gmt":"2021-10-25T06:49:53","guid":{"rendered":"http:\/\/jicen.live\/?page_id=7"},"modified":"2024-01-18T19:56:10","modified_gmt":"2024-01-18T18:56:10","slug":"a-propos-de","status":"publish","type":"page","link":"https:\/\/jicen.live\/index.php\/a-propos-de\/","title":{"rendered":"\u00c0 propos de"},"content":{"rendered":"\n<p>Chanteur et guitariste rythmique, il m&rsquo;arrive de m&rsquo;essayer au piano. C\u00f4t\u00e9 cr\u00e9ations, j&rsquo;ai quelques po\u00e9sies ainsi que des textes de chansons. Je me lance maintenant dans la composition musicale. \u00c0 suivre&#8230;<\/p>\n","protected":false},"excerpt":{"rendered":"<p>Chanteur et guitariste rythmique, il m&rsquo;arrive de m&rsquo;essayer au piano. C\u00f4t\u00e9 cr\u00e9ations, j&rsquo;ai quelques po\u00e9sies ainsi que des textes de chansons. Je me lance maintenant dans la composition musicale. \u00c0 suivre&#8230;<\/p>\n","protected":false},"author":1,"featured_media":0,"parent":0,"menu_order":0,"comment_status":"closed","ping_status":"closed","template":"","meta":{"footnotes":""},"class_list":["post-7","page","type-page","status-publish","hentry"],"_links":{"self":[{"href":"https:\/\/jicen.live\/index.php\/wp-json\/wp\/v2\/pages\/7","targetHints":{"allow":["GET"]}}],"collection":[{"href":"https:\/\/jicen.live\/index.php\/wp-json\/wp\/v2\/pages"}],"about":[{"href":"https:\/\/jicen.live\/index.php\/wp-json\/wp\/v2\/types\/page"}],"author":[{"embeddable":true,"href":"https:\/\/jicen.live\/index.php\/wp-json\/wp\/v2\/users\/1"}],"replies":[{"embeddable":true,"href":"https:\/\/jicen.live\/index.php\/wp-json\/wp\/v2\/comments?post=7"}],"version-history":[{"count":4,"href":"https:\/\/jicen.live\/index.php\/wp-json\/wp\/v2\/pages\/7\/revisions"}],"predecessor-version":[{"id":285,"href":"https:\/\/jicen.live\/index.php\/wp-json\/wp\/v2\/pages\/7\/revisions\/285"}],"wp:attachment":[{"href":"https:\/\/jicen.live\/index.php\/wp-json\/wp\/v2\/media?parent=7"}],"curies":[{"name":"wp","href":"https:\/\/api.w.org\/{rel}","templated":true}]}}